{"id":239,"date":"2023-05-25T11:03:39","date_gmt":"2023-05-25T11:03:39","guid":{"rendered":"https:\/\/www.ecosem.ut.ee\/?page_id=239"},"modified":"2023-05-26T06:48:32","modified_gmt":"2023-05-26T06:48:32","slug":"liikidevahelise-kooselu-materiaalsed-kultuurid","status":"publish","type":"page","link":"https:\/\/www.ecosem.ut.ee\/en\/liikidevahelise-kooselu-materiaalsed-kultuurid\/","title":{"rendered":"Material cultures for interspecies cohabitation"},"content":{"rendered":"<div class=\"wp-block-uagb-container uagb-block-f65e6e41 alignfull uagb-is-root-container\"><div class=\"uagb-container-inner-blocks-wrap\">\n<div class=\"wp-block-uagb-info-box uagb-block-264d7f77 uagb-infobox__content-wrap  uagb-infobox-icon-above-title uagb-infobox-image-valign-top\"><div class=\"uagb-ifb-content\"><div class=\"uagb-ifb-title-wrap\"><span class=\"uagb-ifb-title-prefix\">The Swedish Research Council (Vetenskapsr\u00e5det) project, (2023-2025)<\/span><h2 class=\"uagb-ifb-title\">Material cultures for interspecies cohabitation<\/h2><\/div><\/div><\/div>\n\n\n\n<div class=\"wp-block-uagb-container uagb-block-76ebde08\">\n<div class=\"wp-block-uagb-info-box uagb-block-5a261c9c uagb-infobox__content-wrap  uagb-infobox-icon-above-title uagb-infobox-image-valign-top\"><div class=\"uagb-ifb-content\"><div class=\"uagb-ifb-title-wrap\"><\/div><p class=\"uagb-ifb-desc\">Inimese loodud esemed v\u00e4listavad sageli teised olendid kasutajatena &#8211; nad ei saa nende esemetega suhelda. Samal ajal on enamik esemeid, mida inimesed igap\u00e4evaselt kasutavad, raskendanud meie suhtlemist teiste eluvormidega. See projekt tahab aidata kaasa inimeste suhete \u00fcmberkujundamisele teiste liikidega, kavandades esemeid, mis h\u00f5lmavad ka teisi eluvorme peale inimese. Projekt uurib disainiettepanekute kaudu alternatiivseid v\u00f5imalusi suhtlemiseks konkreetsete liikidega. \u00d6kosemiootiline anal\u00fc\u00fcs uurib ka seda, kuidas mitmete liikide t\u00e4hendusloome on \u00f6koloogiliste s\u00fcsteemide ja nende vastupidavuse m\u00f5istmise seisukohalt p\u00f5hjapanev. Projekt p\u00f5hineb \u00f6kosemiootilisel teoorial.&nbsp;<br><br>Projekti juht: Martin Avila (Konstfack, Stockholm, Sweden)&nbsp;<\/p><\/div><\/div>\n\n\n\n<div class=\"wp-block-uagb-buttons uagb-buttons__outer-wrap uagb-btn__default-btn uagb-btn-tablet__default-btn uagb-btn-mobile__default-btn uagb-block-60f26a51\"><div class=\"uagb-buttons__wrap uagb-buttons-layout-wrap\">\n<div class=\"wp-block-uagb-buttons-child uagb-buttons__outer-wrap uagb-block-e10d44ac wp-block-button is-style-outline\"><div class=\"uagb-button__wrapper\"><a class=\"uagb-buttons-repeater wp-block-button__link\" href=\"\/\/www.konstfack.se\/en\/Research\/Research-projects\/Material-cultures-for-interspecies-cohabitation\/\" onclick=\"return true;\" rel=\"follow noopener\" target=\"_blank\"><div class=\"uagb-button__link\">Projekti kodulehele<\/div><\/a><\/div><\/div>\n\n\n\n<div class=\"wp-block-uagb-buttons-child uagb-buttons__outer-wrap uagb-block-1d4249a4 wp-block-button is-style-outline\"><div class=\"uagb-button__wrapper\"><a class=\"uagb-buttons-repeater wp-block-button__link\" href=\"https:\/\/www.ecosem.ut.ee\/en\/grandiprojektid\/\" onclick=\"return true;\" rel=\"follow noopener\" target=\"_self\"><div class=\"uagb-button__link\">Back to projects<\/div><\/a><\/div><\/div>\n<\/div><\/div>\n<\/div>\n<\/div><\/div>","protected":false},"excerpt":{"rendered":"","protected":false},"author":2,"featured_media":0,"parent":0,"menu_order":0,"comment_status":"closed","ping_status":"closed","template":"","meta":{"_uag_custom_page_level_css":"","site-sidebar-layout":"default","site-content-layout":"default","ast-global-header-display":"","ast-main-header-display":"","ast-hfb-above-header-display":"","ast-hfb-below-header-display":"","ast-hfb-mobile-header-display":"","site-post-title":"disabled","ast-breadcrumbs-content":"","ast-featured-img":"","footer-sml-layout":"","theme-transparent-header-meta":"","adv-header-id-meta":"","stick-header-meta":"","header-above-stick-meta":"","header-main-stick-meta":"","header-below-stick-meta":"","footnotes":""},"class_list":["post-239","page","type-page","status-publish","hentry"],"uagb_featured_image_src":{"full":false,"thumbnail":false,"medium":false,"medium_large":false,"large":false,"1536x1536":false,"2048x2048":false,"trp-custom-language-flag":false},"uagb_author_info":{"display_name":"Ulla Juske","author_link":"https:\/\/www.ecosem.ut.ee\/en\/author\/ulla_juske\/"},"uagb_comment_info":0,"uagb_excerpt":null,"_links":{"self":[{"href":"https:\/\/www.ecosem.ut.ee\/en\/wp-json\/wp\/v2\/pages\/239","targetHints":{"allow":["GET"]}}],"collection":[{"href":"https:\/\/www.ecosem.ut.ee\/en\/wp-json\/wp\/v2\/pages"}],"about":[{"href":"https:\/\/www.ecosem.ut.ee\/en\/wp-json\/wp\/v2\/types\/page"}],"author":[{"embeddable":true,"href":"https:\/\/www.ecosem.ut.ee\/en\/wp-json\/wp\/v2\/users\/2"}],"replies":[{"embeddable":true,"href":"https:\/\/www.ecosem.ut.ee\/en\/wp-json\/wp\/v2\/comments?post=239"}],"version-history":[{"count":9,"href":"https:\/\/www.ecosem.ut.ee\/en\/wp-json\/wp\/v2\/pages\/239\/revisions"}],"predecessor-version":[{"id":302,"href":"https:\/\/www.ecosem.ut.ee\/en\/wp-json\/wp\/v2\/pages\/239\/revisions\/302"}],"wp:attachment":[{"href":"https:\/\/www.ecosem.ut.ee\/en\/wp-json\/wp\/v2\/media?parent=239"}],"curies":[{"name":"wp","href":"https:\/\/api.w.org\/{rel}","templated":true}]}}