{"id":223,"date":"2023-05-25T10:23:48","date_gmt":"2023-05-25T10:23:48","guid":{"rendered":"https:\/\/www.ecosem.ut.ee\/?page_id=223"},"modified":"2025-05-20T18:01:44","modified_gmt":"2025-05-20T18:01:44","slug":"coevolvers","status":"publish","type":"page","link":"https:\/\/www.ecosem.ut.ee\/en\/coevolvers\/","title":{"rendered":"Coevolvers"},"content":{"rendered":"<p><\/p>\n\n\n\n<div class=\"wp-block-uagb-container uagb-block-829e76fa alignfull uagb-is-root-container\"><div class=\"uagb-container-inner-blocks-wrap\">\n<div class=\"wp-block-uagb-info-box uagb-block-5a75b5e6 uagb-infobox__content-wrap  uagb-infobox-icon-above-title uagb-infobox-image-valign-top\"><div class=\"uagb-ifb-content\"><div class=\"uagb-ifb-title-wrap\"><span class=\"uagb-ifb-title-prefix\">European Commission\u2019s Horisont project no 101084220, (2022-2026)<\/span><h2 class=\"uagb-ifb-title\">Coevolvers - Coevolutionary approach to unlock the transformative potential of nature-based solutions for more inclusive and resilient communities<\/h2><\/div><\/div><\/div>\n\n\n\n<div class=\"wp-block-uagb-container uagb-block-b3ff4612\">\n<div class=\"wp-block-uagb-info-box uagb-block-65e97b04 uagb-infobox__content-wrap  uagb-infobox-icon-above-title uagb-infobox-image-valign-top\"><div class=\"uagb-ifb-content\"><div class=\"uagb-ifb-title-wrap\"><\/div><p class=\"uagb-ifb-desc\">Nature-based solutions (NBS) are governance techniques and models that directly and cost-effectively benefit both nature and humans. The challenge is that NBS are often tailored for the privileged, their design is expert-led, and their implementation hampered by institutional and administrative inertia. So far, NBS have not been able to support a just transformation of habits for sustainability, and fail to incorporate non-human actors or include marginal and vulnerable humans.<\/p><\/div><\/div>\n<\/div>\n<\/div><\/div>\n\n\n\n<div class=\"wp-block-uagb-container uagb-block-a01390c8 alignfull uagb-is-root-container\"><div class=\"uagb-container-inner-blocks-wrap\">\n<div class=\"wp-block-uagb-advanced-heading uagb-block-b68b3b9e\"><h2 class=\"uagb-heading-text\">Take part in events<\/h2><\/div>\n\n\n\n<div class=\"wp-block-uagb-container uagb-block-97c7fe59\">\n<div class=\"wp-block-uagb-container uagb-block-57118c91\">\n<div class=\"wp-block-uagb-info-box uagb-block-5dc513bf uagb-infobox__content-wrap  uagb-infobox-icon-above-title uagb-infobox-image-valign-top\"><div class=\"uagb-ifb-content\"><div class=\"uagb-ifb-title-wrap\"><h3 class=\"uagb-ifb-title\"><strong>Share Your Stories of Urban Nature in \u00dclej\u00f5e, Raadi, and Kvissental!<\/strong><\/h3><\/div><div class=\"uagb-ifb-button-wrapper wp-block-button\"><a href=\"https:\/\/www.ecosem.ut.ee\/en\/ootame-ulejoel-raadil-ja-kvissentali-linnalooduse-lugusid\/\" class=\"uagb-infobox-cta-link wp-block-button__link\" target=\"_self\" rel=\"noopener noreferrer\" onclick=\"return true;\"><span class=\"uagb-inline-editing\">Read more<\/span><\/a><\/div><\/div><\/div>\n<\/div>\n\n\n\n<div class=\"wp-block-uagb-container uagb-block-a0f78977\">\n<div class=\"wp-block-uagb-info-box uagb-block-94e29416 uagb-infobox__content-wrap  uagb-infobox-icon-above-title uagb-infobox-image-valign-top\"><div class=\"uagb-ifb-content\"><div class=\"uagb-ifb-title-wrap\"><h3 class=\"uagb-ifb-title\">Umwelt analysis as a research method<\/h3><\/div><div class=\"uagb-ifb-button-wrapper wp-block-button\"><a href=\"https:\/\/www.ecosem.ut.ee\/en\/omailma-analuus\/\" class=\"uagb-infobox-cta-link wp-block-button__link\" target=\"_self\" rel=\"noopener noreferrer\" onclick=\"return true;\"><span class=\"uagb-inline-editing\">Read more<\/span><\/a><\/div><\/div><\/div>\n<\/div>\n\n\n\n<div class=\"wp-block-uagb-container uagb-block-ce6f2d99\">\n<div class=\"wp-block-uagb-info-box uagb-block-a1c22bfb uagb-infobox__content-wrap  uagb-infobox-icon-above-title uagb-infobox-image-valign-top\"><div class=\"uagb-ifb-content\"><div class=\"uagb-ifb-title-wrap\"><h3 class=\"uagb-ifb-title\">Join our mailing list to receive updates about events and activities<\/h3><\/div><div class=\"uagb-ifb-button-wrapper wp-block-button\"><a href=\"https:\/\/lists.ut.ee\/wws\/info\/projekt.yleaedne.elurikkus\" class=\"uagb-infobox-cta-link wp-block-button__link\" target=\"_blank\" rel=\"noopener noreferrer\" onclick=\"return true;\"><span class=\"uagb-inline-editing\">Join the mailing list<\/span><\/a><\/div><\/div><\/div>\n<\/div>\n\n\n\n<div class=\"wp-block-uagb-container uagb-block-8726eb04\">\n<div class=\"wp-block-uagb-info-box uagb-block-77edac6d uagb-infobox__content-wrap  uagb-infobox-icon-above-title uagb-infobox-image-valign-top\"><div class=\"uagb-ifb-content\"><div class=\"uagb-ifb-title-wrap\"><h3 class=\"uagb-ifb-title\">Seminar series Biodiversity in \u00dclej\u00f5e neighborhoods<\/h3><\/div><div class=\"uagb-ifb-button-wrapper wp-block-button\"><a href=\"https:\/\/www.ecosem.ut.ee\/en\/uleaedne-elurikkus-ule-joe\/\" class=\"uagb-infobox-cta-link wp-block-button__link\" target=\"_self\" rel=\"noopener noreferrer\" onclick=\"return true;\"><span class=\"uagb-inline-editing\">Read more<\/span><\/a><\/div><\/div><\/div>\n<\/div>\n<\/div>\n<\/div><\/div>\n\n\n\n<div class=\"wp-block-uagb-container uagb-block-ba98c026 alignfull uagb-is-root-container\"><div class=\"uagb-container-inner-blocks-wrap\">\n<figure class=\"wp-block-image aligncenter size-large is-resized\"><img loading=\"lazy\" decoding=\"async\" width=\"1024\" height=\"577\" src=\"http:\/\/www.ecosem.ut.ee\/wp-content\/uploads\/2023\/05\/Coevolvers_avaseminar-1024x577.jpg\" alt=\"\" class=\"wp-image-262\" style=\"width:768px;height:433px\" srcset=\"https:\/\/www.ecosem.ut.ee\/wp-content\/uploads\/2023\/05\/Coevolvers_avaseminar-1024x577.jpg 1024w, https:\/\/www.ecosem.ut.ee\/wp-content\/uploads\/2023\/05\/Coevolvers_avaseminar-300x169.jpg 300w, https:\/\/www.ecosem.ut.ee\/wp-content\/uploads\/2023\/05\/Coevolvers_avaseminar-768x433.jpg 768w, https:\/\/www.ecosem.ut.ee\/wp-content\/uploads\/2023\/05\/Coevolvers_avaseminar-18x10.jpg 18w, https:\/\/www.ecosem.ut.ee\/wp-content\/uploads\/2023\/05\/Coevolvers_avaseminar.jpg 1200w\" sizes=\"auto, (max-width: 1024px) 100vw, 1024px\" \/><figcaption class=\"wp-element-caption\">Visiting Coevolvers project kick-off meeting in Turku, Finland in December 2022. Photo: Tiit Remm<\/figcaption><\/figure>\n<\/div><\/div>\n\n\n\n<div class=\"wp-block-uagb-container uagb-block-ace5ac0c alignfull uagb-is-root-container\"><div class=\"uagb-container-inner-blocks-wrap\">\n<div class=\"wp-block-uagb-container uagb-block-ee5e800b\">\n<div class=\"wp-block-uagb-advanced-heading uagb-block-0db16ca1\"><h3 class=\"uagb-heading-text\"><strong>New perspective<\/strong><\/h3><p class=\"uagb-desc-text\">COEVOLVERS goes beyond the state of the art by introducing a co-evolutionary approach, which offers a radically new view for NBS design and implementation. The project considers full co-creation as an interplay not only between the stakeholders but also between human and nonhuman actors.<\/p><\/div>\n<\/div>\n\n\n\n<div class=\"wp-block-uagb-container uagb-block-095b2be5\">\n<div class=\"wp-block-uagb-advanced-heading uagb-block-fbdeb792\"><h3 class=\"uagb-heading-text\"><strong>Living Labs<\/strong><\/h3><p class=\"uagb-desc-text\">COEVOLVERS explores through seven Living Labs (LL) across Europe the situational and place-based conditions around the socio-politics of NBS design and implementation.<\/p><\/div>\n<\/div>\n\n\n\n<div class=\"wp-block-uagb-container uagb-block-baed64c9\">\n<div class=\"wp-block-uagb-advanced-heading uagb-block-6cbd0a8b\"><h3 class=\"uagb-heading-text\"><strong>The goal<\/strong><\/h3><p class=\"uagb-desc-text\">The purpose of the project is to alter the socio-ecological conditions to provide governance models and techniques, motivation structures and practices for more inclusive NBS and resilient communities.<\/p><\/div>\n<\/div>\n<\/div><\/div>\n\n\n\n<div class=\"wp-block-uagb-container uagb-block-9963bfa3 alignfull uagb-is-root-container\"><div class=\"uagb-container-inner-blocks-wrap\">\n<div class=\"wp-block-uagb-container uagb-block-5959c7a5\">\n<div class=\"wp-block-uagb-advanced-heading uagb-block-04dce9c5\"><h3 class=\"uagb-heading-text\"><strong><strong><strong>Grassroots level<\/strong><\/strong><\/strong><\/h3><p class=\"uagb-desc-text\">COEVOLVERS  work at the grassroots level with local communities, involving marginalized groups and addressing the needs of animal and plant species.<\/p><\/div>\n<\/div>\n\n\n\n<div class=\"wp-block-uagb-container uagb-block-e488185e\">\n<div class=\"wp-block-uagb-advanced-heading uagb-block-175cde67\"><h3 class=\"uagb-heading-text\"><strong><strong><strong>Sustainable transformation<\/strong><\/strong><\/strong><\/h3><p class=\"uagb-desc-text\">The project will engage decision-makers and policy-makers to create a legislative and regulatory space that supports people and other species in sustainable transformation.&nbsp;<\/p><\/div>\n<\/div>\n\n\n\n<div class=\"wp-block-uagb-container uagb-block-91bafe7b\">\n<div class=\"wp-block-uagb-advanced-heading uagb-block-490e2092\"><\/div>\n<\/div>\n<\/div><\/div>\n\n\n\n<div class=\"wp-block-uagb-container uagb-block-5e958dc6 alignfull uagb-is-root-container\"><div class=\"uagb-container-inner-blocks-wrap\">\n<div class=\"wp-block-uagb-advanced-heading uagb-block-2b547c3c\"><h2 class=\"uagb-heading-text\">Collaborative partners<\/h2><\/div>\n\n\n\n<div class=\"wp-block-uagb-container uagb-block-d48eebe8\">\n<div class=\"wp-block-uagb-container uagb-block-be6156cc\">\n<div class=\"wp-block-uagb-info-box uagb-block-c6a54e69 uagb-infobox__content-wrap  uagb-infobox-icon-above-title uagb-infobox-image-valign-top\"><div class=\"uagb-ifb-content\"><div class=\"uagb-ifb-title-wrap\"><h3 class=\"uagb-ifb-title\">MT\u00dc Elukas<\/h3><\/div><div class=\"uagb-ifb-button-wrapper wp-block-button\"><a href=\"https:\/\/mtyelukas.tumblr.com\/\" class=\"uagb-infobox-cta-link wp-block-button__link\" target=\"_blank\" rel=\"noopener noreferrer\" onclick=\"return true;\"><span class=\"uagb-inline-editing\">Read more<\/span><\/a><\/div><\/div><\/div>\n<\/div>\n\n\n\n<div class=\"wp-block-uagb-container uagb-block-54a0fd47\">\n<div class=\"wp-block-uagb-info-box uagb-block-36092c99 uagb-infobox__content-wrap  uagb-infobox-icon-above-title uagb-infobox-image-valign-top\"><div class=\"uagb-ifb-content\"><div class=\"uagb-ifb-title-wrap\"><h3 class=\"uagb-ifb-title\">The Seed Library of Tartu Public Library<\/h3><\/div><div class=\"uagb-ifb-button-wrapper wp-block-button\"><a href=\"https:\/\/www.luts.ee\/seemneraamatukogu\/\" class=\"uagb-infobox-cta-link wp-block-button__link\" target=\"_blank\" rel=\"noopener noreferrer\" onclick=\"return true;\"><span class=\"uagb-inline-editing\">Read more<\/span><\/a><\/div><\/div><\/div>\n<\/div>\n\n\n\n<div class=\"wp-block-uagb-container uagb-block-9340936e\">\n<div class=\"wp-block-uagb-info-box uagb-block-534dc086 uagb-infobox__content-wrap  uagb-infobox-icon-above-title uagb-infobox-image-valign-top\"><div class=\"uagb-ifb-content\"><div class=\"uagb-ifb-title-wrap\"><\/div><\/div><\/div>\n<\/div>\n\n\n\n<div class=\"wp-block-uagb-container uagb-block-517b2b16\">\n<div class=\"wp-block-uagb-info-box uagb-block-8dba2cc1 uagb-infobox__content-wrap  uagb-infobox-icon-above-title uagb-infobox-image-valign-top\"><div class=\"uagb-ifb-content\"><div class=\"uagb-ifb-title-wrap\"><\/div><\/div><\/div>\n<\/div>\n<\/div>\n<\/div><\/div>\n\n\n\n<div class=\"wp-block-uagb-container uagb-block-0fb32b68 alignfull uagb-is-root-container\"><div class=\"uagb-container-inner-blocks-wrap\">\n<div class=\"wp-block-uagb-advanced-heading uagb-block-fd66a3ae\"><h2 class=\"uagb-heading-text\">More about COEVOLVERS<\/h2><\/div>\n\n\n\n<div class=\"wp-block-uagb-buttons uagb-buttons__outer-wrap uagb-btn__default-btn uagb-btn-tablet__default-btn uagb-btn-mobile__default-btn uagb-block-34c5156d\"><div class=\"uagb-buttons__wrap uagb-buttons-layout-wrap\">\n<div class=\"wp-block-uagb-buttons-child uagb-buttons__outer-wrap uagb-block-b3583194 wp-block-button is-style-outline\"><div class=\"uagb-button__wrapper\"><a class=\"uagb-buttons-repeater wp-block-button__link\" aria-label=\"\" href=\"#https:\/\/co-evolvers.eu\/\" rel=\"follow noopener\" target=\"_blank\" role=\"button\"><div class=\"uagb-button__link\">Co-evolvers website<\/div><\/a><\/div><\/div>\n\n\n\n<div class=\"wp-block-uagb-buttons-child uagb-buttons__outer-wrap uagb-block-9794b058 wp-block-button is-style-outline\"><div class=\"uagb-button__wrapper\"><a class=\"uagb-buttons-repeater wp-block-button__link\" aria-label=\"\" href=\"#https:\/\/www.etis.ee\/Portal\/Projects\/Display\/b34a0bef-fd98-418a-850a-8a54e3416bef #\" rel=\"follow noopener\" target=\"_blank\" role=\"button\"><div class=\"uagb-button__link\">Etis.ee<\/div><\/a><\/div><\/div>\n\n\n\n<div class=\"wp-block-uagb-buttons-child uagb-buttons__outer-wrap uagb-block-15c88cd2 wp-block-button is-style-outline\"><div class=\"uagb-button__wrapper\"><a class=\"uagb-buttons-repeater wp-block-button__link\" aria-label=\"\" href=\"#https:\/\/www.ecosem.ut.ee\/grandiprojektid\/\" rel=\"follow noopener\" target=\"_self\" role=\"button\"><div class=\"uagb-button__link\">Back to projects<\/div><\/a><\/div><\/div>\n<\/div><\/div>\n<\/div><\/div>\n\n\n\n<div class=\"wp-block-uagb-container uagb-block-7679027e alignfull uagb-is-root-container\"><div class=\"uagb-container-inner-blocks-wrap\">\n<div class=\"wp-block-uagb-container uagb-block-39190259\">\n<figure class=\"wp-block-image aligncenter size-large is-resized\"><img loading=\"lazy\" decoding=\"async\" width=\"1024\" height=\"349\" src=\"https:\/\/www.ecosem.ut.ee\/wp-content\/uploads\/2023\/05\/coevolvers_colored_RGB_500px-1024x349.jpg\" alt=\"\" class=\"wp-image-228\" style=\"width:256px;height:87px\" srcset=\"https:\/\/www.ecosem.ut.ee\/wp-content\/uploads\/2023\/05\/coevolvers_colored_RGB_500px-1024x349.jpg 1024w, https:\/\/www.ecosem.ut.ee\/wp-content\/uploads\/2023\/05\/coevolvers_colored_RGB_500px-300x102.jpg 300w, https:\/\/www.ecosem.ut.ee\/wp-content\/uploads\/2023\/05\/coevolvers_colored_RGB_500px-768x261.jpg 768w, https:\/\/www.ecosem.ut.ee\/wp-content\/uploads\/2023\/05\/coevolvers_colored_RGB_500px-18x6.jpg 18w, https:\/\/www.ecosem.ut.ee\/wp-content\/uploads\/2023\/05\/coevolvers_colored_RGB_500px.jpg 1043w\" sizes=\"auto, (max-width: 1024px) 100vw, 1024px\" \/><\/figure>\n<\/div>\n\n\n\n<div class=\"wp-block-uagb-container uagb-block-b0280f7f\">\n<figure class=\"wp-block-image aligncenter size-full is-resized\"><img loading=\"lazy\" decoding=\"async\" width=\"1024\" height=\"682\" src=\"https:\/\/www.ecosem.ut.ee\/wp-content\/uploads\/2023\/05\/EU-flag-Horizon-Europe.jpg\" alt=\"\" class=\"wp-image-229\" style=\"width:256px;height:171px\" srcset=\"https:\/\/www.ecosem.ut.ee\/wp-content\/uploads\/2023\/05\/EU-flag-Horizon-Europe.jpg 1024w, https:\/\/www.ecosem.ut.ee\/wp-content\/uploads\/2023\/05\/EU-flag-Horizon-Europe-300x200.jpg 300w, https:\/\/www.ecosem.ut.ee\/wp-content\/uploads\/2023\/05\/EU-flag-Horizon-Europe-768x512.jpg 768w, https:\/\/www.ecosem.ut.ee\/wp-content\/uploads\/2023\/05\/EU-flag-Horizon-Europe-18x12.jpg 18w\" sizes=\"auto, (max-width: 1024px) 100vw, 1024px\" \/><\/figure>\n<\/div>\n<\/div><\/div>\n\n\n\n<div class=\"wp-block-uagb-container uagb-block-feb4205e alignfull uagb-is-root-container\"><div class=\"uagb-container-inner-blocks-wrap\"><\/div><\/div>","protected":false},"excerpt":{"rendered":"<p>Osale tegevustes Uus vaatenurk Projekt COEVOLVERS rakendab koevolutsioonilist l\u00e4henemisviisi, mis pakub radikaalselt uut vaatenurka loodusp\u00f5histe lahenduste kavandamisele ja rakendamisele. Projektis k\u00e4sitletakse koosloomet mitte ainult huvir\u00fchmade vahel, vaid h\u00f5lmates teisi liike. Eluslabor COEVOLVERS uurib seitsme Euroopa eluslabori kaudu situatsiooni- ja kohap\u00f5hiseid tingimusi, mis on seotud loodusp\u00f5histe lahenduste kavandamise ja rakendamise sotsiaalpoliitikaga. Eesm\u00e4rk Eesm\u00e4rk on muuta sotsiaal-\u00f6koloogilisi &hellip;<\/p>\n<p class=\"read-more\"> <a class=\"\" href=\"https:\/\/www.ecosem.ut.ee\/en\/coevolvers\/\"> <span class=\"screen-reader-text\">Coevolvers<\/span> Read More &raquo;<\/a><\/p>","protected":false},"author":2,"featured_media":0,"parent":0,"menu_order":0,"comment_status":"closed","ping_status":"closed","template":"","meta":{"_uag_custom_page_level_css":"","site-sidebar-layout":"default","site-content-layout":"default","ast-global-header-display":"","ast-main-header-display":"","ast-hfb-above-header-display":"","ast-hfb-below-header-display":"","ast-hfb-mobile-header-display":"","site-post-title":"disabled","ast-breadcrumbs-content":"","ast-featured-img":"","footer-sml-layout":"","theme-transparent-header-meta":"","adv-header-id-meta":"","stick-header-meta":"","header-above-stick-meta":"","header-main-stick-meta":"","header-below-stick-meta":"","footnotes":""},"class_list":["post-223","page","type-page","status-publish","hentry"],"uagb_featured_image_src":{"full":false,"thumbnail":false,"medium":false,"medium_large":false,"large":false,"1536x1536":false,"2048x2048":false,"trp-custom-language-flag":false},"uagb_author_info":{"display_name":"Ulla Juske","author_link":"https:\/\/www.ecosem.ut.ee\/en\/author\/ulla_juske\/"},"uagb_comment_info":0,"uagb_excerpt":"Osale tegevustes Uus vaatenurk Projekt COEVOLVERS rakendab koevolutsioonilist l\u00e4henemisviisi, mis pakub radikaalselt uut vaatenurka loodusp\u00f5histe lahenduste kavandamisele ja rakendamisele. Projektis k\u00e4sitletakse koosloomet mitte ainult huvir\u00fchmade vahel, vaid h\u00f5lmates teisi liike. Eluslabor COEVOLVERS uurib seitsme Euroopa eluslabori kaudu situatsiooni- ja kohap\u00f5hiseid tingimusi, mis on seotud loodusp\u00f5histe lahenduste kavandamise ja rakendamise sotsiaalpoliitikaga. Eesm\u00e4rk Eesm\u00e4rk on muuta sotsiaal-\u00f6koloogilisi&hellip;","_links":{"self":[{"href":"https:\/\/www.ecosem.ut.ee\/en\/wp-json\/wp\/v2\/pages\/223","targetHints":{"allow":["GET"]}}],"collection":[{"href":"https:\/\/www.ecosem.ut.ee\/en\/wp-json\/wp\/v2\/pages"}],"about":[{"href":"https:\/\/www.ecosem.ut.ee\/en\/wp-json\/wp\/v2\/types\/page"}],"author":[{"embeddable":true,"href":"https:\/\/www.ecosem.ut.ee\/en\/wp-json\/wp\/v2\/users\/2"}],"replies":[{"embeddable":true,"href":"https:\/\/www.ecosem.ut.ee\/en\/wp-json\/wp\/v2\/comments?post=223"}],"version-history":[{"count":20,"href":"https:\/\/www.ecosem.ut.ee\/en\/wp-json\/wp\/v2\/pages\/223\/revisions"}],"predecessor-version":[{"id":654,"href":"https:\/\/www.ecosem.ut.ee\/en\/wp-json\/wp\/v2\/pages\/223\/revisions\/654"}],"wp:attachment":[{"href":"https:\/\/www.ecosem.ut.ee\/en\/wp-json\/wp\/v2\/media?parent=223"}],"curies":[{"name":"wp","href":"https:\/\/api.w.org\/{rel}","templated":true}]}}