{"id":129,"date":"2023-05-24T11:57:16","date_gmt":"2023-05-24T11:57:16","guid":{"rendered":"http:\/\/www.ecosem.ut.ee\/?page_id=129"},"modified":"2024-12-03T19:31:02","modified_gmt":"2024-12-03T19:31:02","slug":"uleaedne-elurikkus-ule-joe","status":"publish","type":"page","link":"http:\/\/www.ecosem.ut.ee\/en\/uleaedne-elurikkus-ule-joe\/","title":{"rendered":"\u00dcleaedne elurikkus \u00dcle j\u00f5e"},"content":{"rendered":"\n<div class=\"wp-block-uagb-container uagb-block-c14a5c4e alignfull uagb-is-root-container\"><div class=\"uagb-container-inner-blocks-wrap\">\n<div class=\"wp-block-uagb-container uagb-block-9f15a81e\">\n<div class=\"wp-block-uagb-container uagb-block-8e08fb0b\">\n<div class=\"wp-block-uagb-advanced-heading uagb-block-04e8fff9\"><h2 class=\"uagb-heading-text\">Seminarisari \u201c\u00dcleaedne elurikkus \u00dcle j\u00f5e\u201d [Horisont 101084220]&nbsp;<\/h2><\/div>\n<\/div>\n\n\n\n<div class=\"wp-block-uagb-container uagb-block-b7f96c80\">\n<p class=\"has-ast-global-color-3-color has-text-color\">Seminarisarja raames k\u00fclastatakse&nbsp; eri t\u00fc\u00fcpi aedasid (kogukonnaaed, eraaiad) \u00dclej\u00f5e, Raadi-Kruusam\u00e4e ja Kvissentali piirkonnas, keskendudes aedade elu- ja t\u00e4hendusrikkusega seotud teemadele. Igal aiak\u00fclastusel on kaasas ka m\u00f5ni ekspert, kes vastavat teemat l\u00e4hemalt avab ja konkreetse aia elustikuga seostab. Aiak\u00fclastused on suunatud eelk\u00f5ige piirkonna elanikele, toetamaks aedade ja aedade \u00fclese elurikkuse m\u00e4rkamist ning soodustamaks kohalike omavahelist suhtlust aiaelustiku teemadel.<\/p>\n<\/div>\n<\/div>\n\n\n\n<div class=\"wp-block-uagb-container uagb-block-23454a1e\">\n<figure class=\"wp-block-image size-large\"><img loading=\"lazy\" decoding=\"async\" width=\"1024\" height=\"577\" src=\"http:\/\/www.ecosem.ut.ee\/wp-content\/uploads\/2023\/05\/Ulejoe_kaartisamine-1024x577.jpg\" alt=\"\" class=\"wp-image-250\" srcset=\"http:\/\/www.ecosem.ut.ee\/wp-content\/uploads\/2023\/05\/Ulejoe_kaartisamine-1024x577.jpg 1024w, http:\/\/www.ecosem.ut.ee\/wp-content\/uploads\/2023\/05\/Ulejoe_kaartisamine-300x169.jpg 300w, http:\/\/www.ecosem.ut.ee\/wp-content\/uploads\/2023\/05\/Ulejoe_kaartisamine-768x433.jpg 768w, http:\/\/www.ecosem.ut.ee\/wp-content\/uploads\/2023\/05\/Ulejoe_kaartisamine-18x10.jpg 18w, http:\/\/www.ecosem.ut.ee\/wp-content\/uploads\/2023\/05\/Ulejoe_kaartisamine.jpg 1200w\" sizes=\"auto, (max-width: 1024px) 100vw, 1024px\" \/><figcaption class=\"wp-element-caption\">\u00dclej\u00f5e piirkonna elurikkuse kaartistamine t\u00f6\u00f6toas. Foto: Tiit Remm<\/figcaption><\/figure>\n<\/div>\n\n\n\n<div class=\"wp-block-uagb-container uagb-block-199cd7f6\">\n<div class=\"wp-block-uagb-container uagb-block-9d6002d4\">\n<figure class=\"wp-block-image size-large\"><img loading=\"lazy\" decoding=\"async\" width=\"1024\" height=\"767\" src=\"https:\/\/www.ecosem.ut.ee\/wp-content\/uploads\/2024\/11\/20230610_185439_edited-1024x767.jpg\" alt=\"\" class=\"wp-image-612\" srcset=\"http:\/\/www.ecosem.ut.ee\/wp-content\/uploads\/2024\/11\/20230610_185439_edited-1024x767.jpg 1024w, http:\/\/www.ecosem.ut.ee\/wp-content\/uploads\/2024\/11\/20230610_185439_edited-300x225.jpg 300w, http:\/\/www.ecosem.ut.ee\/wp-content\/uploads\/2024\/11\/20230610_185439_edited-768x576.jpg 768w, http:\/\/www.ecosem.ut.ee\/wp-content\/uploads\/2024\/11\/20230610_185439_edited-1536x1151.jpg 1536w, http:\/\/www.ecosem.ut.ee\/wp-content\/uploads\/2024\/11\/20230610_185439_edited-2048x1535.jpg 2048w, http:\/\/www.ecosem.ut.ee\/wp-content\/uploads\/2024\/11\/20230610_185439_edited-16x12.jpg 16w\" sizes=\"auto, (max-width: 1024px) 100vw, 1024px\" \/><figcaption class=\"wp-element-caption\">Foto: Lona P\u00e4ll<\/figcaption><\/figure>\n<\/div>\n\n\n\n<div class=\"wp-block-uagb-container uagb-block-0790879f\">\n<div class=\"wp-block-uagb-advanced-heading uagb-block-1bf8225b\"><h2 class=\"uagb-heading-text\"><br>Kohalugude kogumine \u00dclej\u00f5e, Kvissentali ja Raadi linnaloodusest<\/h2><\/div>\n\n\n\n<p class=\"has-ast-global-color-3-color has-text-color\">Linnakeskkond on suurte muutuste surve all, nii inimestele kui teistele liikidele tuttavad paigad teisenevad ja kaovad kiirelt. Lugude kaudu on v\u00f5imalik neid paiku kaardistada, v\u00e4\u00e4rtustada ja m\u00f5testada. Kohalikud, v\u00e4ikesed lood loovad nii kohatunnet kui suhteid inimeste ja looduse vahel. Sel p\u00f5hjusel alatavad \u00f6kosemiootikud 2024 aasta novembrist \u00dclej\u00f5e, Kvissentali ja Raadi kohalugude kogumise. Linnalooduse ja teiste liikidega kohtumise lugusid kogutakse 2025. aasta oktoobrini ja selle raames toimub erinevaid avalikke s\u00fcndmusi. <\/p>\n\n\n\n<p class=\"has-ast-global-color-3-color has-text-color\">Oma kohalugu saab saata kas e-kirjaga:&nbsp;<a href=\"mailto:coevolvers@ut.ee\">coevolvers@ut.ee<\/a>&nbsp;v\u00f5i veebivormi vahendusel:&nbsp;<a href=\"https:\/\/tinyurl.com\/4t6th956\">https:\/\/tinyurl.com\/4t6th956<\/a><\/p>\n\n\n\n<p>Lugude saatmiseks on v\u00f5imailk kasutada ka Eesti Rahvaluule arhiivi kogumismoodulit <a href=\"https:\/\/kratt.folklore.ee\/ctrl\/et\/Kysitluskavad\/andmed\/28\">KRATT<\/a> <\/p>\n<\/div>\n<\/div>\n\n\n\n<h2 class=\"wp-block-heading\" style=\"margin-top:var(--wp--preset--spacing--40);margin-right:var(--wp--preset--spacing--40);margin-bottom:var(--wp--preset--spacing--40);margin-left:var(--wp--preset--spacing--40)\">Aiak\u00fclastused<\/h2>\n\n\n\n<div class=\"wp-block-uagb-container uagb-block-071cbc60\">\n<div class=\"wp-block-uagb-container uagb-block-f7be2240\">\n<div class=\"wp-block-uagb-info-box uagb-block-9d939124 uagb-infobox__content-wrap  uagb-infobox-icon-above-title uagb-infobox-image-valign-top\"><div class=\"uagb-ifb-content\"><div class=\"uagb-ifb-title-wrap\"><h3 class=\"uagb-ifb-title\">Emaj\u00f5e Aia kogukonnaaed, <br>4. mai&nbsp;2023<\/h3><\/div><p class=\"uagb-ifb-desc\">Permakultuurist ja aia elurikkuse t\u00e4hendustest k\u00f5nelevad Rea Sepping, Nelly M\u00e4ekivi ja Timo Maran.&nbsp;&nbsp;<\/p><\/div><\/div>\n<\/div>\n\n\n\n<div class=\"wp-block-uagb-container uagb-block-4657ec64\">\n<div class=\"wp-block-uagb-info-box uagb-block-400daaf1 uagb-infobox__content-wrap  uagb-infobox-icon-above-title uagb-infobox-image-valign-top\"><div class=\"uagb-ifb-content\"><div class=\"uagb-ifb-title-wrap\"><h3 class=\"uagb-ifb-title\">Raadi eraaia k\u00fclastus,<br> 10. juuni 2023<\/h3><\/div><p class=\"uagb-ifb-desc\">Toimub Loodusfestivali raames, juhendajateks Kalevi Kull ja Ene-Reet Soovik. Loodusvaatluste maratoni raames m\u00e4\u00e4ratakse ka aias liike.<\/p><\/div><\/div>\n<\/div>\n\n\n\n<div class=\"wp-block-uagb-container uagb-block-7db4dcd9\">\n<div class=\"wp-block-uagb-info-box uagb-block-20a3033c uagb-infobox__content-wrap  uagb-infobox-icon-above-title uagb-infobox-image-valign-top\"><div class=\"uagb-ifb-content\"><div class=\"uagb-ifb-title-wrap\"><h3 class=\"uagb-ifb-title\"><strong>Meelep\u00e4rased aiad<\/strong><br><strong>14. september 2024<\/strong><\/h3><\/div><p class=\"uagb-ifb-desc\">Aiak\u00fclastusel p\u00f6\u00f6rati t\u00e4helepanu erinevatele aistingutele: l\u00f5hnadele, maitsetele, temperatuuri-, tekstuuri- ja niiskustajule. Mitmek\u00fclgse tajuelamuse kaudu on v\u00f5imalik m\u00e4nguliselt m\u00f5tiskleda, missugused t\u00e4hendused on inimese kujundatud aial teiste liikide jaoks. Inimene ei saa k\u00fcll kunagi kogeda keskkonda teiste liikide kombel, ent eri meeltele t\u00e4helepanu p\u00f6\u00f6ramine paneb teadvustama eri perspektiivide rohkust. Aiask\u00e4iku korraldas antropoloog Hildegard Reimann.<\/p><\/div><\/div>\n<\/div>\n<\/div>\n<\/div><\/div>\n\n\n\n<div class=\"wp-block-uagb-container uagb-block-7c09348a alignfull uagb-is-root-container\"><div class=\"uagb-container-inner-blocks-wrap\">\n<div class=\"wp-block-uagb-buttons uagb-buttons__outer-wrap uagb-btn__default-btn uagb-btn-tablet__default-btn uagb-btn-mobile__default-btn uagb-block-4b9892d5\"><div class=\"uagb-buttons__wrap uagb-buttons-layout-wrap \">\n<div class=\"wp-block-uagb-buttons-child uagb-buttons__outer-wrap uagb-block-adad77ad wp-block-button is-style-outline\"><div class=\"uagb-button__wrapper\"><a class=\"uagb-buttons-repeater wp-block-button__link\" aria-label=\"\" href=\"#https:\/\/www.ecosem.ut.ee\/tegevused\/\" rel=\"follow noopener\" target=\"_self\" role=\"button\"><div class=\"uagb-button__link\">Tagasi tegevuste lehele<\/div><\/a><\/div><\/div>\n<\/div><\/div>\n<\/div><\/div>\n","protected":false},"excerpt":{"rendered":"<p>Seminarisari \u201c\u00dcleaedne elurikkus \u00dcle j\u00f5e\u201d [Horisont 101084220]&nbsp; Seminarisarja raames k\u00fclastatakse&nbsp; eri t\u00fc\u00fcpi aedasid (kogukonnaaed, eraaiad) \u00dclej\u00f5e, Raadi-Kruusam\u00e4e ja Kvissentali piirkonnas, keskendudes aedade elu- ja t\u00e4hendusrikkusega seotud teemadele. Igal aiak\u00fclastusel on kaasas ka m\u00f5ni ekspert, kes vastavat teemat l\u00e4hemalt avab ja konkreetse aia elustikuga seostab. Aiak\u00fclastused on suunatud eelk\u00f5ige piirkonna elanikele, toetamaks aedade ja aedade \u00fclese &hellip;<\/p>\n<p class=\"read-more\"> <a class=\"\" href=\"http:\/\/www.ecosem.ut.ee\/en\/uleaedne-elurikkus-ule-joe\/\"> <span class=\"screen-reader-text\">\u00dcleaedne elurikkus \u00dcle j\u00f5e<\/span> Read More &raquo;<\/a><\/p>\n","protected":false},"author":2,"featured_media":0,"parent":0,"menu_order":0,"comment_status":"closed","ping_status":"closed","template":"","meta":{"_uag_custom_page_level_css":"","site-sidebar-layout":"default","site-content-layout":"default","ast-global-header-display":"","ast-main-header-display":"","ast-hfb-above-header-display":"","ast-hfb-below-header-display":"","ast-hfb-mobile-header-display":"","site-post-title":"disabled","ast-breadcrumbs-content":"","ast-featured-img":"","footer-sml-layout":"","theme-transparent-header-meta":"","adv-header-id-meta":"","stick-header-meta":"","header-above-stick-meta":"","header-main-stick-meta":"","header-below-stick-meta":"","footnotes":""},"class_list":["post-129","page","type-page","status-publish","hentry"],"uagb_featured_image_src":{"full":false,"thumbnail":false,"medium":false,"medium_large":false,"large":false,"1536x1536":false,"2048x2048":false,"trp-custom-language-flag":false},"uagb_author_info":{"display_name":"Ulla Juske","author_link":"http:\/\/www.ecosem.ut.ee\/en\/author\/ulla_juske\/"},"uagb_comment_info":0,"uagb_excerpt":"Seminarisari \u201c\u00dcleaedne elurikkus \u00dcle j\u00f5e\u201d [Horisont 101084220]&nbsp; Seminarisarja raames k\u00fclastatakse&nbsp; eri t\u00fc\u00fcpi aedasid (kogukonnaaed, eraaiad) \u00dclej\u00f5e, Raadi-Kruusam\u00e4e ja Kvissentali piirkonnas, keskendudes aedade elu- ja t\u00e4hendusrikkusega seotud teemadele. Igal aiak\u00fclastusel on kaasas ka m\u00f5ni ekspert, kes vastavat teemat l\u00e4hemalt avab ja konkreetse aia elustikuga seostab. Aiak\u00fclastused on suunatud eelk\u00f5ige piirkonna elanikele, toetamaks aedade ja aedade \u00fclese&hellip;","_links":{"self":[{"href":"http:\/\/www.ecosem.ut.ee\/en\/wp-json\/wp\/v2\/pages\/129","targetHints":{"allow":["GET"]}}],"collection":[{"href":"http:\/\/www.ecosem.ut.ee\/en\/wp-json\/wp\/v2\/pages"}],"about":[{"href":"http:\/\/www.ecosem.ut.ee\/en\/wp-json\/wp\/v2\/types\/page"}],"author":[{"embeddable":true,"href":"http:\/\/www.ecosem.ut.ee\/en\/wp-json\/wp\/v2\/users\/2"}],"replies":[{"embeddable":true,"href":"http:\/\/www.ecosem.ut.ee\/en\/wp-json\/wp\/v2\/comments?post=129"}],"version-history":[{"count":17,"href":"http:\/\/www.ecosem.ut.ee\/en\/wp-json\/wp\/v2\/pages\/129\/revisions"}],"predecessor-version":[{"id":624,"href":"http:\/\/www.ecosem.ut.ee\/en\/wp-json\/wp\/v2\/pages\/129\/revisions\/624"}],"wp:attachment":[{"href":"http:\/\/www.ecosem.ut.ee\/en\/wp-json\/wp\/v2\/media?parent=129"}],"curies":[{"name":"wp","href":"https:\/\/api.w.org\/{rel}","templated":true}]}}